{"id":6613,"date":"2021-03-19T17:22:13","date_gmt":"2021-04-13T16:47:08","guid":{"rendered":"https:\/\/www.marchantschmidt.com\/?post_type=product&#038;p=6613"},"modified":"2021-04-13T16:47:09","modified_gmt":"2021-04-13T16:47:09","slug":"soplador-movil","status":"publish","type":"product","link":"https:\/\/www.marchantschmidt.com\/es\/product\/vms_division-es\/soplador-movil\/","title":{"rendered":"Soplador M\u00f3vil"},"content":{"rendered":"<p>El soplador m\u00f3vil Sonic DRY-IN-PLACE\u00ae (D-I-P\u00ae) es una alternativa de bajo costo a un sistema de secado s\u00f3nico centralizado a gran escala y le permite llevar el &#8220;sistema de secado&#8221; a donde lo necesite en sus instalaciones. El D-I-P\u00ae es ideal para plantas que tienen muchas l\u00edneas de procesamiento que no operan todo el tiempo. Simplemente haga rodar el D-I-P\u00ae hasta la l\u00ednea que est\u00e1 funcionando, con\u00e9ctelo a la entrada de la cuchilla de aire y comience a procesar. El D-I-P\u00ae proporciona lo \u00faltimo en portabilidad y flexibilidad para aquellas plantas que necesitan aire a alta velocidad en una variedad de ubicaciones diferentes durante un per\u00edodo de tiempo determinado.<\/p>\n","protected":false},"excerpt":{"rendered":"El soplador m\u00f3vil Sonic DRY-IN-PLACE\u00ae (D-I-P\u00ae) es una alternativa de bajo costo a un sistema de secado s\u00f3nico centralizado a gran escala y le permite llevar el &#8220;sistema de secado&#8221; a donde lo necesite en sus instalaciones. El D-I-P\u00ae es ideal para plantas que tienen muchas l\u00edneas de procesamiento que no operan todo el tiempo&#8230;. ","protected":false},"featured_media":6252,"template":"","meta":{"_acf_changed":false},"product_brand":[],"product_cat":[198],"product_tag":[],"class_list":{"0":"post-6613","1":"product","2":"type-product","3":"status-publish","4":"has-post-thumbnail","6":"product_cat-vms_division-es","8":"first","9":"instock","10":"shipping-taxable","11":"product-type-simple"},"acf":[],"yoast_head":"<!-- This site is optimized with the Yoast SEO plugin v27.2 - https:\/\/yoast.com\/product\/yoast-seo-wordpress\/ -->\n<title>Soplador M\u00f3vil - Marchant Schmidt<\/title>\n<meta name=\"robots\" content=\"index, follow, max-snippet:-1, max-image-preview:large, max-video-preview:-1\" \/>\n<link rel=\"canonical\" href=\"https:\/\/www.marchantschmidt.com\/es\/product\/vms_division-es\/soplador-movil\/\" \/>\n<meta property=\"og:locale\" content=\"es_MX\" \/>\n<meta property=\"og:type\" content=\"article\" \/>\n<meta property=\"og:title\" content=\"Soplador M\u00f3vil - Marchant Schmidt\" \/>\n<meta property=\"og:description\" content=\"El soplador m\u00f3vil Sonic DRY-IN-PLACE\u00ae (D-I-P\u00ae) es una alternativa de bajo costo a un sistema de secado s\u00f3nico centralizado a gran escala y le permite llevar el &#8220;sistema de secado&#8221; a donde lo necesite en sus instalaciones. El D-I-P\u00ae es ideal para plantas que tienen muchas l\u00edneas de procesamiento que no operan todo el tiempo....\" \/>\n<meta property=\"og:url\" content=\"https:\/\/www.marchantschmidt.com\/es\/product\/vms_division-es\/soplador-movil\/\" \/>\n<meta property=\"og:site_name\" content=\"Marchant Schmidt\" \/>\n<meta property=\"article:modified_time\" content=\"2021-04-13T16:47:09+00:00\" \/>\n<meta property=\"og:image\" content=\"https:\/\/www.marchantschmidt.com\/wp-content\/uploads\/2021\/03\/8-08-sonic_horizontal.jpg\" \/>\n\t<meta property=\"og:image:width\" content=\"2312\" \/>\n\t<meta property=\"og:image:height\" content=\"1536\" \/>\n\t<meta property=\"og:image:type\" content=\"image\/jpeg\" \/>\n<meta name=\"twitter:card\" content=\"summary_large_image\" \/>\n<meta name=\"twitter:label1\" content=\"Tiempo de lectura\" \/>\n\t<meta name=\"twitter:data1\" content=\"1 minuto\" \/>\n<!-- \/ Yoast SEO plugin. -->","yoast_head_json":{"title":"Soplador M\u00f3vil - Marchant Schmidt","robots":{"index":"index","follow":"follow","max-snippet":"max-snippet:-1","max-image-preview":"max-image-preview:large","max-video-preview":"max-video-preview:-1"},"canonical":"https:\/\/www.marchantschmidt.com\/es\/product\/vms_division-es\/soplador-movil\/","og_locale":"es_MX","og_type":"article","og_title":"Soplador M\u00f3vil - Marchant Schmidt","og_description":"El soplador m\u00f3vil Sonic DRY-IN-PLACE\u00ae (D-I-P\u00ae) es una alternativa de bajo costo a un sistema de secado s\u00f3nico centralizado a gran escala y le permite llevar el &#8220;sistema de secado&#8221; a donde lo necesite en sus instalaciones. El D-I-P\u00ae es ideal para plantas que tienen muchas l\u00edneas de procesamiento que no operan todo el tiempo....","og_url":"https:\/\/www.marchantschmidt.com\/es\/product\/vms_division-es\/soplador-movil\/","og_site_name":"Marchant Schmidt","article_modified_time":"2021-04-13T16:47:09+00:00","og_image":[{"width":2312,"height":1536,"url":"https:\/\/www.marchantschmidt.com\/wp-content\/uploads\/2021\/03\/8-08-sonic_horizontal.jpg","type":"image\/jpeg"}],"twitter_card":"summary_large_image","twitter_misc":{"Tiempo de lectura":"1 minuto"},"schema":{"@context":"https:\/\/schema.org","@graph":[{"@type":"WebPage","@id":"https:\/\/www.marchantschmidt.com\/es\/product\/vms_division-es\/soplador-movil\/","url":"https:\/\/www.marchantschmidt.com\/es\/product\/vms_division-es\/soplador-movil\/","name":"Soplador M\u00f3vil - Marchant Schmidt","isPartOf":{"@id":"https:\/\/www.marchantschmidt.com\/#website"},"primaryImageOfPage":{"@id":"https:\/\/www.marchantschmidt.com\/es\/product\/vms_division-es\/soplador-movil\/#primaryimage"},"image":{"@id":"https:\/\/www.marchantschmidt.com\/es\/product\/vms_division-es\/soplador-movil\/#primaryimage"},"thumbnailUrl":"https:\/\/www.marchantschmidt.com\/wp-content\/uploads\/2021\/03\/8-08-sonic_horizontal.jpg","datePublished":"2021-04-13T16:47:08+00:00","dateModified":"2021-04-13T16:47:09+00:00","breadcrumb":{"@id":"https:\/\/www.marchantschmidt.com\/es\/product\/vms_division-es\/soplador-movil\/#breadcrumb"},"inLanguage":"es","potentialAction":[{"@type":"ReadAction","target":["https:\/\/www.marchantschmidt.com\/es\/product\/vms_division-es\/soplador-movil\/"]}]},{"@type":"ImageObject","inLanguage":"es","@id":"https:\/\/www.marchantschmidt.com\/es\/product\/vms_division-es\/soplador-movil\/#primaryimage","url":"https:\/\/www.marchantschmidt.com\/wp-content\/uploads\/2021\/03\/8-08-sonic_horizontal.jpg","contentUrl":"https:\/\/www.marchantschmidt.com\/wp-content\/uploads\/2021\/03\/8-08-sonic_horizontal.jpg","width":2312,"height":1536,"caption":"sonic dry-in-place\u00ae (d-i-p\u00ae) mobile blower"},{"@type":"BreadcrumbList","@id":"https:\/\/www.marchantschmidt.com\/es\/product\/vms_division-es\/soplador-movil\/#breadcrumb","itemListElement":[{"@type":"ListItem","position":1,"name":"Home","item":"https:\/\/www.marchantschmidt.com\/es\/"},{"@type":"ListItem","position":2,"name":"Shop","item":"https:\/\/www.marchantschmidt.com\/?page_id=2232"},{"@type":"ListItem","position":3,"name":"Soplador M\u00f3vil"}]},{"@type":"WebSite","@id":"https:\/\/www.marchantschmidt.com\/#website","url":"https:\/\/www.marchantschmidt.com\/","name":"Marchant Schmidt","description":"","publisher":{"@id":"https:\/\/www.marchantschmidt.com\/#organization"},"potentialAction":[{"@type":"SearchAction","target":{"@type":"EntryPoint","urlTemplate":"https:\/\/www.marchantschmidt.com\/?s={search_term_string}"},"query-input":{"@type":"PropertyValueSpecification","valueRequired":true,"valueName":"search_term_string"}}],"inLanguage":"es"},{"@type":"Organization","@id":"https:\/\/www.marchantschmidt.com\/#organization","name":"Marchant Schmidt, Inc.","url":"https:\/\/www.marchantschmidt.com\/","logo":{"@type":"ImageObject","inLanguage":"es","@id":"https:\/\/www.marchantschmidt.com\/#\/schema\/logo\/image\/","url":"https:\/\/www.marchantschmidt.com\/wp-content\/uploads\/2019\/08\/Marchant-Schmidt-Logo-Revised.png","contentUrl":"https:\/\/www.marchantschmidt.com\/wp-content\/uploads\/2019\/08\/Marchant-Schmidt-Logo-Revised.png","width":701,"height":117,"caption":"Marchant Schmidt, Inc."},"image":{"@id":"https:\/\/www.marchantschmidt.com\/#\/schema\/logo\/image\/"}}]}},"_links":{"self":[{"href":"https:\/\/www.marchantschmidt.com\/es\/wp-json\/wp\/v2\/product\/6613","targetHints":{"allow":["GET"]}}],"collection":[{"href":"https:\/\/www.marchantschmidt.com\/es\/wp-json\/wp\/v2\/product"}],"about":[{"href":"https:\/\/www.marchantschmidt.com\/es\/wp-json\/wp\/v2\/types\/product"}],"wp:featuredmedia":[{"embeddable":true,"href":"https:\/\/www.marchantschmidt.com\/es\/wp-json\/wp\/v2\/media\/6252"}],"wp:attachment":[{"href":"https:\/\/www.marchantschmidt.com\/es\/wp-json\/wp\/v2\/media?parent=6613"}],"wp:term":[{"taxonomy":"product_brand","embeddable":true,"href":"https:\/\/www.marchantschmidt.com\/es\/wp-json\/wp\/v2\/product_brand?post=6613"},{"taxonomy":"product_cat","embeddable":true,"href":"https:\/\/www.marchantschmidt.com\/es\/wp-json\/wp\/v2\/product_cat?post=6613"},{"taxonomy":"product_tag","embeddable":true,"href":"https:\/\/www.marchantschmidt.com\/es\/wp-json\/wp\/v2\/product_tag?post=6613"}],"curies":[{"name":"wp","href":"https:\/\/api.w.org\/{rel}","templated":true}]}}