{"id":6622,"date":"2021-03-19T17:56:46","date_gmt":"2021-04-13T18:48:27","guid":{"rendered":"https:\/\/www.marchantschmidt.com\/?post_type=product&#038;p=6622"},"modified":"2021-04-13T18:48:28","modified_gmt":"2021-04-13T18:48:28","slug":"orientacion-en-equipo-sonic-formacion-y-asistencia-para-la-puesta-en-marcha","status":"publish","type":"product","link":"https:\/\/www.marchantschmidt.com\/es\/product\/vms_division-es\/orientacion-en-equipo-sonic-formacion-y-asistencia-para-la-puesta-en-marcha\/","title":{"rendered":"Orientaci\u00f3n en Equipo Sonic,, formaci\u00f3n y asistencia para la puesta en marcha"},"content":{"rendered":"<p>Nuestro ingeniero de ventas o t\u00e9cnico capacitado en f\u00e1brica puede programar una llamada de servicio en la planta para analizar el rendimiento de sus sistemas y revisar la configuraci\u00f3n de la cuchilla, el estado de la correa, las velocidades de salida y los filtros. Si est\u00e1 comprando un nuevo sistema, ofrecemos asistencia para la puesta en marcha durante su instalaci\u00f3n. Si desea algo m\u00e1s en profundidad, podemos realizar un entrenamiento formal para su tripulaci\u00f3n. Cont\u00e1ctenos hoy y podemos configurar un programa para usted.<\/p>\n","protected":false},"excerpt":{"rendered":"Nuestro ingeniero de ventas o t\u00e9cnico capacitado en f\u00e1brica puede programar una llamada de servicio en la planta para analizar el rendimiento de sus sistemas y revisar la configuraci\u00f3n de la cuchilla, el estado de la correa, las velocidades de salida y los filtros. Si est\u00e1 comprando un nuevo sistema, ofrecemos asistencia para la puesta&#8230; ","protected":false},"featured_media":6268,"template":"","meta":{"_acf_changed":false},"product_brand":[],"product_cat":[198],"product_tag":[],"class_list":{"0":"post-6622","1":"product","2":"type-product","3":"status-publish","4":"has-post-thumbnail","6":"product_cat-vms_division-es","8":"first","9":"instock","10":"shipping-taxable","11":"product-type-simple"},"acf":[],"yoast_head":"<!-- This site is optimized with the Yoast SEO plugin v27.2 - https:\/\/yoast.com\/product\/yoast-seo-wordpress\/ -->\n<title>Orientaci\u00f3n en Equipo Sonic,, formaci\u00f3n y asistencia para la puesta en marcha - Marchant Schmidt<\/title>\n<meta name=\"robots\" content=\"index, follow, max-snippet:-1, max-image-preview:large, max-video-preview:-1\" \/>\n<link rel=\"canonical\" href=\"https:\/\/www.marchantschmidt.com\/es\/product\/vms_division-es\/orientacion-en-equipo-sonic-formacion-y-asistencia-para-la-puesta-en-marcha\/\" \/>\n<meta property=\"og:locale\" content=\"es_MX\" \/>\n<meta property=\"og:type\" content=\"article\" \/>\n<meta property=\"og:title\" content=\"Orientaci\u00f3n en Equipo Sonic,, formaci\u00f3n y asistencia para la puesta en marcha - Marchant Schmidt\" \/>\n<meta property=\"og:description\" content=\"Nuestro ingeniero de ventas o t\u00e9cnico capacitado en f\u00e1brica puede programar una llamada de servicio en la planta para analizar el rendimiento de sus sistemas y revisar la configuraci\u00f3n de la cuchilla, el estado de la correa, las velocidades de salida y los filtros. Si est\u00e1 comprando un nuevo sistema, ofrecemos asistencia para la puesta...\" \/>\n<meta property=\"og:url\" content=\"https:\/\/www.marchantschmidt.com\/es\/product\/vms_division-es\/orientacion-en-equipo-sonic-formacion-y-asistencia-para-la-puesta-en-marcha\/\" \/>\n<meta property=\"og:site_name\" content=\"Marchant Schmidt\" \/>\n<meta property=\"article:modified_time\" content=\"2021-04-13T18:48:28+00:00\" \/>\n<meta property=\"og:image\" content=\"https:\/\/www.marchantschmidt.com\/wp-content\/uploads\/2021\/03\/8-12-sonic_horizontal.jpg\" \/>\n\t<meta property=\"og:image:width\" content=\"2312\" \/>\n\t<meta property=\"og:image:height\" content=\"1536\" \/>\n\t<meta property=\"og:image:type\" content=\"image\/jpeg\" \/>\n<meta name=\"twitter:card\" content=\"summary_large_image\" \/>\n<!-- \/ Yoast SEO plugin. -->","yoast_head_json":{"title":"Orientaci\u00f3n en Equipo Sonic,, formaci\u00f3n y asistencia para la puesta en marcha - Marchant Schmidt","robots":{"index":"index","follow":"follow","max-snippet":"max-snippet:-1","max-image-preview":"max-image-preview:large","max-video-preview":"max-video-preview:-1"},"canonical":"https:\/\/www.marchantschmidt.com\/es\/product\/vms_division-es\/orientacion-en-equipo-sonic-formacion-y-asistencia-para-la-puesta-en-marcha\/","og_locale":"es_MX","og_type":"article","og_title":"Orientaci\u00f3n en Equipo Sonic,, formaci\u00f3n y asistencia para la puesta en marcha - Marchant Schmidt","og_description":"Nuestro ingeniero de ventas o t\u00e9cnico capacitado en f\u00e1brica puede programar una llamada de servicio en la planta para analizar el rendimiento de sus sistemas y revisar la configuraci\u00f3n de la cuchilla, el estado de la correa, las velocidades de salida y los filtros. Si est\u00e1 comprando un nuevo sistema, ofrecemos asistencia para la puesta...","og_url":"https:\/\/www.marchantschmidt.com\/es\/product\/vms_division-es\/orientacion-en-equipo-sonic-formacion-y-asistencia-para-la-puesta-en-marcha\/","og_site_name":"Marchant Schmidt","article_modified_time":"2021-04-13T18:48:28+00:00","og_image":[{"width":2312,"height":1536,"url":"https:\/\/www.marchantschmidt.com\/wp-content\/uploads\/2021\/03\/8-12-sonic_horizontal.jpg","type":"image\/jpeg"}],"twitter_card":"summary_large_image","schema":{"@context":"https:\/\/schema.org","@graph":[{"@type":"WebPage","@id":"https:\/\/www.marchantschmidt.com\/es\/product\/vms_division-es\/orientacion-en-equipo-sonic-formacion-y-asistencia-para-la-puesta-en-marcha\/","url":"https:\/\/www.marchantschmidt.com\/es\/product\/vms_division-es\/orientacion-en-equipo-sonic-formacion-y-asistencia-para-la-puesta-en-marcha\/","name":"Orientaci\u00f3n en Equipo Sonic,, formaci\u00f3n y asistencia para la puesta en marcha - Marchant Schmidt","isPartOf":{"@id":"https:\/\/www.marchantschmidt.com\/#website"},"primaryImageOfPage":{"@id":"https:\/\/www.marchantschmidt.com\/es\/product\/vms_division-es\/orientacion-en-equipo-sonic-formacion-y-asistencia-para-la-puesta-en-marcha\/#primaryimage"},"image":{"@id":"https:\/\/www.marchantschmidt.com\/es\/product\/vms_division-es\/orientacion-en-equipo-sonic-formacion-y-asistencia-para-la-puesta-en-marcha\/#primaryimage"},"thumbnailUrl":"https:\/\/www.marchantschmidt.com\/wp-content\/uploads\/2021\/03\/8-12-sonic_horizontal.jpg","datePublished":"2021-04-13T18:48:27+00:00","dateModified":"2021-04-13T18:48:28+00:00","breadcrumb":{"@id":"https:\/\/www.marchantschmidt.com\/es\/product\/vms_division-es\/orientacion-en-equipo-sonic-formacion-y-asistencia-para-la-puesta-en-marcha\/#breadcrumb"},"inLanguage":"es","potentialAction":[{"@type":"ReadAction","target":["https:\/\/www.marchantschmidt.com\/es\/product\/vms_division-es\/orientacion-en-equipo-sonic-formacion-y-asistencia-para-la-puesta-en-marcha\/"]}]},{"@type":"ImageObject","inLanguage":"es","@id":"https:\/\/www.marchantschmidt.com\/es\/product\/vms_division-es\/orientacion-en-equipo-sonic-formacion-y-asistencia-para-la-puesta-en-marcha\/#primaryimage","url":"https:\/\/www.marchantschmidt.com\/wp-content\/uploads\/2021\/03\/8-12-sonic_horizontal.jpg","contentUrl":"https:\/\/www.marchantschmidt.com\/wp-content\/uploads\/2021\/03\/8-12-sonic_horizontal.jpg","width":2312,"height":1536,"caption":"sonic air system orientation, training, start up assistance"},{"@type":"BreadcrumbList","@id":"https:\/\/www.marchantschmidt.com\/es\/product\/vms_division-es\/orientacion-en-equipo-sonic-formacion-y-asistencia-para-la-puesta-en-marcha\/#breadcrumb","itemListElement":[{"@type":"ListItem","position":1,"name":"Home","item":"https:\/\/www.marchantschmidt.com\/es\/"},{"@type":"ListItem","position":2,"name":"Shop","item":"https:\/\/www.marchantschmidt.com\/?page_id=2232"},{"@type":"ListItem","position":3,"name":"Orientaci\u00f3n en Equipo Sonic,, formaci\u00f3n y asistencia para la puesta en marcha"}]},{"@type":"WebSite","@id":"https:\/\/www.marchantschmidt.com\/#website","url":"https:\/\/www.marchantschmidt.com\/","name":"Marchant Schmidt","description":"","publisher":{"@id":"https:\/\/www.marchantschmidt.com\/#organization"},"potentialAction":[{"@type":"SearchAction","target":{"@type":"EntryPoint","urlTemplate":"https:\/\/www.marchantschmidt.com\/?s={search_term_string}"},"query-input":{"@type":"PropertyValueSpecification","valueRequired":true,"valueName":"search_term_string"}}],"inLanguage":"es"},{"@type":"Organization","@id":"https:\/\/www.marchantschmidt.com\/#organization","name":"Marchant Schmidt, Inc.","url":"https:\/\/www.marchantschmidt.com\/","logo":{"@type":"ImageObject","inLanguage":"es","@id":"https:\/\/www.marchantschmidt.com\/#\/schema\/logo\/image\/","url":"https:\/\/www.marchantschmidt.com\/wp-content\/uploads\/2019\/08\/Marchant-Schmidt-Logo-Revised.png","contentUrl":"https:\/\/www.marchantschmidt.com\/wp-content\/uploads\/2019\/08\/Marchant-Schmidt-Logo-Revised.png","width":701,"height":117,"caption":"Marchant Schmidt, Inc."},"image":{"@id":"https:\/\/www.marchantschmidt.com\/#\/schema\/logo\/image\/"}}]}},"_links":{"self":[{"href":"https:\/\/www.marchantschmidt.com\/es\/wp-json\/wp\/v2\/product\/6622","targetHints":{"allow":["GET"]}}],"collection":[{"href":"https:\/\/www.marchantschmidt.com\/es\/wp-json\/wp\/v2\/product"}],"about":[{"href":"https:\/\/www.marchantschmidt.com\/es\/wp-json\/wp\/v2\/types\/product"}],"wp:featuredmedia":[{"embeddable":true,"href":"https:\/\/www.marchantschmidt.com\/es\/wp-json\/wp\/v2\/media\/6268"}],"wp:attachment":[{"href":"https:\/\/www.marchantschmidt.com\/es\/wp-json\/wp\/v2\/media?parent=6622"}],"wp:term":[{"taxonomy":"product_brand","embeddable":true,"href":"https:\/\/www.marchantschmidt.com\/es\/wp-json\/wp\/v2\/product_brand?post=6622"},{"taxonomy":"product_cat","embeddable":true,"href":"https:\/\/www.marchantschmidt.com\/es\/wp-json\/wp\/v2\/product_cat?post=6622"},{"taxonomy":"product_tag","embeddable":true,"href":"https:\/\/www.marchantschmidt.com\/es\/wp-json\/wp\/v2\/product_tag?post=6622"}],"curies":[{"name":"wp","href":"https:\/\/api.w.org\/{rel}","templated":true}]}}