{"id":8087,"date":"2023-08-10T15:36:04","date_gmt":"2023-08-10T15:36:04","guid":{"rendered":"https:\/\/www.marchantschmidt.com\/?post_type=product&#038;p=8087"},"modified":"2024-07-10T20:38:06","modified_gmt":"2024-07-10T20:38:06","slug":"molino-de-alta-velocidad","status":"publish","type":"product","link":"https:\/\/www.marchantschmidt.com\/es\/product\/cheese-converting-es\/molino-de-alta-velocidad\/","title":{"rendered":"Molino de Alta Velocidad"},"content":{"rendered":"<p>El molino de alta velocidad Marchant Schmidt est\u00e1 equipado de martillos higi\u00e9nico dise\u00f1ado espec\u00edficamente para satisfacer las necesidades de la empresa que procesan queso rallado. Tambi\u00e9n se puede usar en aplicaciones de queso de tiras blandas. El modelo m\u00e1s grande, SC2032, produce un flujo constante de producto rallado de hasta 8000 lb\/h, mientras que el modelo m\u00e1s peque\u00f1o, SC1624, produce hasta 3000 lb\/h. El molino hace girar un eje a alta velocidad, mientras que las cuchillas y los martillos, que se fijan al eje, pulverizan el queso hasta que sea lo suficientemente peque\u00f1o para pasar a trav\u00e9s de la abertura del tama\u00f1o deseado en la malla. El producto se distribuye en un transportador para su posterior proceso.<\/p>\n","protected":false},"excerpt":{"rendered":"El molino de alta velocidad Marchant Schmidt est\u00e1 equipado de martillos higi\u00e9nico dise\u00f1ado espec\u00edficamente para satisfacer las necesidades de la empresa que procesan queso rallado. Tambi\u00e9n se puede usar en aplicaciones de queso de tiras blandas. El modelo m\u00e1s grande, SC2032, produce un flujo constante de producto rallado de hasta 8000 lb\/h, mientras que el&#8230; ","protected":false},"featured_media":7983,"template":"","meta":{"_acf_changed":false},"product_brand":[],"product_cat":[192],"product_tag":[],"class_list":{"0":"post-8087","1":"product","2":"type-product","3":"status-publish","4":"has-post-thumbnail","6":"product_cat-cheese-converting-es","8":"first","9":"instock","10":"shipping-taxable","11":"product-type-simple"},"acf":[],"yoast_head":"<!-- This site is optimized with the Yoast SEO plugin v27.2 - https:\/\/yoast.com\/product\/yoast-seo-wordpress\/ -->\n<title>Molino de Alta Velocidad - Marchant Schmidt<\/title>\n<meta name=\"robots\" content=\"index, follow, max-snippet:-1, max-image-preview:large, max-video-preview:-1\" \/>\n<link rel=\"canonical\" href=\"https:\/\/www.marchantschmidt.com\/es\/product\/cheese-converting-es\/molino-de-alta-velocidad\/\" \/>\n<meta property=\"og:locale\" content=\"es_MX\" \/>\n<meta property=\"og:type\" content=\"article\" \/>\n<meta property=\"og:title\" content=\"Molino de Alta Velocidad - Marchant Schmidt\" \/>\n<meta property=\"og:description\" content=\"El molino de alta velocidad Marchant Schmidt est\u00e1 equipado de martillos higi\u00e9nico dise\u00f1ado espec\u00edficamente para satisfacer las necesidades de la empresa que procesan queso rallado. Tambi\u00e9n se puede usar en aplicaciones de queso de tiras blandas. El modelo m\u00e1s grande, SC2032, produce un flujo constante de producto rallado de hasta 8000 lb\/h, mientras que el...\" \/>\n<meta property=\"og:url\" content=\"https:\/\/www.marchantschmidt.com\/es\/product\/cheese-converting-es\/molino-de-alta-velocidad\/\" \/>\n<meta property=\"og:site_name\" content=\"Marchant Schmidt\" \/>\n<meta property=\"article:modified_time\" content=\"2024-07-10T20:38:06+00:00\" \/>\n<meta property=\"og:image\" content=\"https:\/\/www.marchantschmidt.com\/wp-content\/uploads\/2023\/07\/High-Speed-Mill-M07479001.2.jpg\" \/>\n\t<meta property=\"og:image:width\" content=\"1920\" \/>\n\t<meta property=\"og:image:height\" content=\"1080\" \/>\n\t<meta property=\"og:image:type\" content=\"image\/jpeg\" \/>\n<meta name=\"twitter:card\" content=\"summary_large_image\" \/>\n<meta name=\"twitter:label1\" content=\"Tiempo de lectura\" \/>\n\t<meta name=\"twitter:data1\" content=\"1 minuto\" \/>\n<!-- \/ Yoast SEO plugin. -->","yoast_head_json":{"title":"Molino de Alta Velocidad - Marchant Schmidt","robots":{"index":"index","follow":"follow","max-snippet":"max-snippet:-1","max-image-preview":"max-image-preview:large","max-video-preview":"max-video-preview:-1"},"canonical":"https:\/\/www.marchantschmidt.com\/es\/product\/cheese-converting-es\/molino-de-alta-velocidad\/","og_locale":"es_MX","og_type":"article","og_title":"Molino de Alta Velocidad - Marchant Schmidt","og_description":"El molino de alta velocidad Marchant Schmidt est\u00e1 equipado de martillos higi\u00e9nico dise\u00f1ado espec\u00edficamente para satisfacer las necesidades de la empresa que procesan queso rallado. Tambi\u00e9n se puede usar en aplicaciones de queso de tiras blandas. El modelo m\u00e1s grande, SC2032, produce un flujo constante de producto rallado de hasta 8000 lb\/h, mientras que el...","og_url":"https:\/\/www.marchantschmidt.com\/es\/product\/cheese-converting-es\/molino-de-alta-velocidad\/","og_site_name":"Marchant Schmidt","article_modified_time":"2024-07-10T20:38:06+00:00","og_image":[{"width":1920,"height":1080,"url":"https:\/\/www.marchantschmidt.com\/wp-content\/uploads\/2023\/07\/High-Speed-Mill-M07479001.2.jpg","type":"image\/jpeg"}],"twitter_card":"summary_large_image","twitter_misc":{"Tiempo de lectura":"1 minuto"},"schema":{"@context":"https:\/\/schema.org","@graph":[{"@type":"WebPage","@id":"https:\/\/www.marchantschmidt.com\/es\/product\/cheese-converting-es\/molino-de-alta-velocidad\/","url":"https:\/\/www.marchantschmidt.com\/es\/product\/cheese-converting-es\/molino-de-alta-velocidad\/","name":"Molino de Alta Velocidad - Marchant Schmidt","isPartOf":{"@id":"https:\/\/www.marchantschmidt.com\/#website"},"primaryImageOfPage":{"@id":"https:\/\/www.marchantschmidt.com\/es\/product\/cheese-converting-es\/molino-de-alta-velocidad\/#primaryimage"},"image":{"@id":"https:\/\/www.marchantschmidt.com\/es\/product\/cheese-converting-es\/molino-de-alta-velocidad\/#primaryimage"},"thumbnailUrl":"https:\/\/www.marchantschmidt.com\/wp-content\/uploads\/2023\/07\/High-Speed-Mill-M07479001.2.jpg","datePublished":"2023-08-10T15:36:04+00:00","dateModified":"2024-07-10T20:38:06+00:00","breadcrumb":{"@id":"https:\/\/www.marchantschmidt.com\/es\/product\/cheese-converting-es\/molino-de-alta-velocidad\/#breadcrumb"},"inLanguage":"es","potentialAction":[{"@type":"ReadAction","target":["https:\/\/www.marchantschmidt.com\/es\/product\/cheese-converting-es\/molino-de-alta-velocidad\/"]}]},{"@type":"ImageObject","inLanguage":"es","@id":"https:\/\/www.marchantschmidt.com\/es\/product\/cheese-converting-es\/molino-de-alta-velocidad\/#primaryimage","url":"https:\/\/www.marchantschmidt.com\/wp-content\/uploads\/2023\/07\/High-Speed-Mill-M07479001.2.jpg","contentUrl":"https:\/\/www.marchantschmidt.com\/wp-content\/uploads\/2023\/07\/High-Speed-Mill-M07479001.2.jpg","width":1920,"height":1080},{"@type":"BreadcrumbList","@id":"https:\/\/www.marchantschmidt.com\/es\/product\/cheese-converting-es\/molino-de-alta-velocidad\/#breadcrumb","itemListElement":[{"@type":"ListItem","position":1,"name":"Home","item":"https:\/\/www.marchantschmidt.com\/es\/"},{"@type":"ListItem","position":2,"name":"Shop","item":"https:\/\/www.marchantschmidt.com\/?page_id=2232"},{"@type":"ListItem","position":3,"name":"Molino de Alta Velocidad"}]},{"@type":"WebSite","@id":"https:\/\/www.marchantschmidt.com\/#website","url":"https:\/\/www.marchantschmidt.com\/","name":"Marchant Schmidt","description":"","publisher":{"@id":"https:\/\/www.marchantschmidt.com\/#organization"},"potentialAction":[{"@type":"SearchAction","target":{"@type":"EntryPoint","urlTemplate":"https:\/\/www.marchantschmidt.com\/?s={search_term_string}"},"query-input":{"@type":"PropertyValueSpecification","valueRequired":true,"valueName":"search_term_string"}}],"inLanguage":"es"},{"@type":"Organization","@id":"https:\/\/www.marchantschmidt.com\/#organization","name":"Marchant Schmidt, Inc.","url":"https:\/\/www.marchantschmidt.com\/","logo":{"@type":"ImageObject","inLanguage":"es","@id":"https:\/\/www.marchantschmidt.com\/#\/schema\/logo\/image\/","url":"https:\/\/www.marchantschmidt.com\/wp-content\/uploads\/2019\/08\/Marchant-Schmidt-Logo-Revised.png","contentUrl":"https:\/\/www.marchantschmidt.com\/wp-content\/uploads\/2019\/08\/Marchant-Schmidt-Logo-Revised.png","width":701,"height":117,"caption":"Marchant Schmidt, Inc."},"image":{"@id":"https:\/\/www.marchantschmidt.com\/#\/schema\/logo\/image\/"}}]}},"_links":{"self":[{"href":"https:\/\/www.marchantschmidt.com\/es\/wp-json\/wp\/v2\/product\/8087","targetHints":{"allow":["GET"]}}],"collection":[{"href":"https:\/\/www.marchantschmidt.com\/es\/wp-json\/wp\/v2\/product"}],"about":[{"href":"https:\/\/www.marchantschmidt.com\/es\/wp-json\/wp\/v2\/types\/product"}],"wp:featuredmedia":[{"embeddable":true,"href":"https:\/\/www.marchantschmidt.com\/es\/wp-json\/wp\/v2\/media\/7983"}],"wp:attachment":[{"href":"https:\/\/www.marchantschmidt.com\/es\/wp-json\/wp\/v2\/media?parent=8087"}],"wp:term":[{"taxonomy":"product_brand","embeddable":true,"href":"https:\/\/www.marchantschmidt.com\/es\/wp-json\/wp\/v2\/product_brand?post=8087"},{"taxonomy":"product_cat","embeddable":true,"href":"https:\/\/www.marchantschmidt.com\/es\/wp-json\/wp\/v2\/product_cat?post=8087"},{"taxonomy":"product_tag","embeddable":true,"href":"https:\/\/www.marchantschmidt.com\/es\/wp-json\/wp\/v2\/product_tag?post=8087"}],"curies":[{"name":"wp","href":"https:\/\/api.w.org\/{rel}","templated":true}]}}